{"id":10360,"date":"2026-01-20T15:24:12","date_gmt":"2026-01-20T14:24:12","guid":{"rendered":"https:\/\/www.jetliberty.com\/?page_id=10360"},"modified":"2026-01-20T15:24:38","modified_gmt":"2026-01-20T14:24:38","slug":"cgv","status":"publish","type":"page","link":"https:\/\/www.jetliberty.com\/it\/cgv","title":{"rendered":"CONDIZIONI GENERALI"},"content":{"rendered":"<div data-elementor-type=\"wp-page\" data-elementor-id=\"10360\" class=\"elementor elementor-10360\" data-elementor-post-type=\"page\">\n\t\t\t\t\t\t<section class=\"elementor-section elementor-top-section elementor-element elementor-element-d031f60 elementor-section-boxed elementor-section-height-default elementor-section-height-default\" data-id=\"d031f60\" data-element_type=\"section\" data-e-type=\"section\">\n\t\t\t\t\t\t<div class=\"elementor-container elementor-column-gap-default\">\n\t\t\t\t\t<div class=\"elementor-column elementor-col-100 elementor-top-column elementor-element elementor-element-1bdf4a0\" data-id=\"1bdf4a0\" data-element_type=\"column\" data-e-type=\"column\">\n\t\t\t<div class=\"elementor-widget-wrap elementor-element-populated\">\n\t\t\t\t\t\t<div class=\"elementor-element elementor-element-0ec9a40 elementor-widget elementor-widget-text-editor\" data-id=\"0ec9a40\" data-element_type=\"widget\" data-e-type=\"widget\" data-widget_type=\"text-editor.default\">\n\t\t\t\t\t\t<div class=\"elementor-widget-container\">\n\t\t\t\t\t\t\t\t\t<h1>Condizioni generali di vendita (GTCS)<\/h1><p><strong>Azienda: Jet Liberty<\/strong><br \/>Noleggio di moto d'acqua e barche con o senza patente nautica<\/p><p>Le presenti Condizioni Generali di Vendita (CGV) regolano tutti i servizi offerti dall'azienda. <strong>Jet Liberty<\/strong>. Tutte le prenotazioni implicano l'accettazione integrale e senza riserve delle presenti condizioni.<\/p><hr \/><h2>1. Oggetto<\/h2><p>Jet Liberty offre il noleggio di moto d'acqua e imbarcazioni, con o senza licenza, a singoli e gruppi, in conformit\u00e0 con i termini e le condizioni di seguito indicati.<\/p><hr \/><h2>2. Condizioni generali di prenotazione<\/h2><h3>\ud83d\udccd Arrivo e presentazione<\/h3><ul><li><p>\u00c8 <strong>\u00e8 necessario arrivare 30 minuti prima dell'orario previsto per l'appuntamento<\/strong> per espletare le formalit\u00e0 amministrative e partecipare al briefing obbligatorio sulla sicurezza.<\/p><\/li><li><p>Tutti gli arrivi <strong>meno di 10 minuti prima dell'orario di partenza<\/strong> sar\u00e0 considerato come un <strong>cancellazione da parte del cliente<\/strong>Non c'\u00e8 possibilit\u00e0 di rinvio o di rimborso.<\/p><\/li><\/ul><hr \/><h3>\ud83d\udcb3 Prenotazione e deposito<\/h3><ul><li><p>Tutte le prenotazioni sono considerate ferme e definitive una volta versata la caparra.<\/p><\/li><li><p>In caso di modifica, ritardo o impossibilit\u00e0 di arrivare all'orario concordato, <strong>il deposito versato sar\u00e0 trattenuto a titolo di risarcimento<\/strong>.<\/p><\/li><li><p><strong>Non \u00e8 possibile effettuare rinvii o modifiche<\/strong>Jet Liberty si riserva il diritto di cancellare qualsiasi volo, per qualsiasi motivo (personale, medico, di trasporto, condizioni meteorologiche personali, ecc.), tranne nel caso di una decisione eccezionale e discrezionale di Jet Liberty.<\/p><\/li><li><p>Con la prenotazione, il cliente riconosce di aver letto e accettato le presenti condizioni. <strong>Nessuna controversia pu\u00f2 basarsi su una presunta mancanza di informazioni.<\/strong>.<\/p><\/li><li><p>Pagamento con <strong>I buoni vacanza ANCV sono accettati fino al 50 % del costo totale del servizio.<\/strong>.<\/p><\/li><\/ul><hr \/><h2>3. Documenti obbligatori<\/h2><p>Il giorno dell'attivit\u00e0, ogni partecipante deve presentare :<\/p><ul><li><p>A <strong>carta d'identit\u00e0 valida<\/strong>.<\/p><\/li><li><p>A <strong>carta di credito con la moto d'acqua<\/strong> (altamente raccomandato) come garanzia.<\/p><\/li><\/ul><p>Senza questi documenti, Jet Liberty si riserva il diritto di rifiutare l'accesso all'attivit\u00e0. <strong>senza rimborso<\/strong>.<\/p><hr \/><h2>4. Requisiti di et\u00e0 e di idoneit\u00e0<\/h2><ul><li><p>L'et\u00e0 minima richiesta per guidare una moto d'acqua \u00e8 <strong>16 anni (16 anni e 1 giorno)<\/strong>.<\/p><\/li><li><p>Per le imbarcazioni con licenza, il <strong>patente nautica valida e originale<\/strong> \u00e8 obbligatorio.<\/p><\/li><li><p>Per le imbarcazioni senza patente, il conducente deve essere maggiorenne e in grado di comprendere e applicare le istruzioni di sicurezza.<\/p><\/li><li><p>Jet Liberty si riserva il diritto di rifiutare l'accesso a qualsiasi persona il cui comportamento o stato fisico\/psichico sia ritenuto pericoloso (alcol, droghe, comportamenti a rischio).<\/p><\/li><\/ul><hr \/><h2>5. Cancellazione e modifica in loco<\/h2><ul><li><p>In caso di problemi imprevisti che richiedano la cancellazione di una moto d'acqua prima del servizio, il cliente deve <strong>contattate immediatamente Jet Liberty<\/strong>.<\/p><\/li><li><p><strong>Eventuali modifiche dell'ultimo minuto in loco<\/strong>Tra questi, la riduzione del numero di moto d'acqua o di imbarcazioni prenotate, <strong>non saranno accettati<\/strong>.<\/p><\/li><li><p>Non \u00e8 previsto alcun rimborso parziale o totale in caso di ritiro del cliente.<\/p><\/li><\/ul><hr \/><h2>6. Condizioni meteorologiche<\/h2><ul><li><p>Le attivit\u00e0 possono essere cancellate o modificate da Jet Liberty per motivi di sicurezza legati alle condizioni meteorologiche o del mare.<\/p><\/li><li><p>Solo in questo caso, Jet Liberty pu\u00f2 offrire un rinvio o una nota di credito, senza alcun obbligo di rimborso.<\/p><\/li><li><p>Le condizioni meteorologiche personali o soggettive del cliente non costituiscono un motivo valido per la cancellazione.<\/p><\/li><\/ul><hr \/><h2>7. Responsabilit\u00e0 e assicurazione<\/h2><ul><li><p>I partecipanti si impegnano a rispettare rigorosamente le istruzioni di sicurezza, le regole di navigazione e i regolamenti marittimi in vigore.<\/p><\/li><li><p>Eventuali danni materiali causati all'attrezzatura noleggiata (moto d'acqua, barca, equipaggiamento) saranno addebitati al cliente. <strong>interamente a carico del cliente<\/strong>.<\/p><\/li><li><p>Il cliente \u00e8 responsabile civilmente e penalmente per qualsiasi incidente o reato che si verifichi durante il periodo di noleggio.<\/p><\/li><li><p>Jet Liberty declina ogni responsabilit\u00e0 per la perdita, il furto o il danneggiamento degli effetti personali.<\/p><\/li><\/ul><hr \/><h2>8. Deposito cauzionale<\/h2><ul><li><p>Prima della partenza potrebbe essere richiesta un'impronta bancaria o un deposito cauzionale.<\/p><\/li><li><p>Questo deposito pu\u00f2 essere utilizzato per coprire danni alla propriet\u00e0, perdite, violazioni o non conformit\u00e0 alle presenti CGV.<\/p><\/li><\/ul><hr \/><h2>9. Diritti di immagine<\/h2><p>Salvo diverso accordo scritto, Jet Liberty si riserva il diritto di utilizzare foto e video realizzati durante le attivit\u00e0 per scopi promozionali (sito web, social network, materiale commerciale).<\/p><hr \/><h2>10. Legge applicabile e controversie<\/h2><p>Le presenti Condizioni Generali di Vendita sono soggette al <strong>Diritto francese<\/strong>. In caso di controversia, sar\u00e0 preferita una soluzione amichevole. In caso contrario, i tribunali competenti saranno quelli nella giurisdizione della sede legale di Jet Liberty.<\/p><hr \/><p><strong>Jet Liberty<\/strong><br \/>Con la prenotazione si accettano integralmente e senza riserve le presenti Condizioni Generali di Vendita.<\/p>\t\t\t\t\t\t\t\t<\/div>\n\t\t\t\t<\/div>\n\t\t\t\t\t<\/div>\n\t\t<\/div>\n\t\t\t\t\t<\/div>\n\t\t<\/section>\n\t\t\t\t<\/div>","protected":false},"excerpt":{"rendered":"<p>Condizioni generali di vendita (CGV) Societ\u00e0 : Jet LibertyNoleggio di sci e barche con o senza patente Le presenti Condizioni generali di vendita (CGV) regolano tutti i servizi offerti dalla societ\u00e0 Jet Liberty. Ogni prenotazione implica l'accettazione integrale delle presenti [...]<\/p>","protected":false},"author":1,"featured_media":0,"parent":0,"menu_order":0,"comment_status":"closed","ping_status":"closed","template":"","meta":{"footnotes":""},"class_list":["post-10360","page","type-page","status-publish","hentry"],"aioseo_notices":[],"_links":{"self":[{"href":"https:\/\/www.jetliberty.com\/it\/wp-json\/wp\/v2\/pages\/10360","targetHints":{"allow":["GET"]}}],"collection":[{"href":"https:\/\/www.jetliberty.com\/it\/wp-json\/wp\/v2\/pages"}],"about":[{"href":"https:\/\/www.jetliberty.com\/it\/wp-json\/wp\/v2\/types\/page"}],"author":[{"embeddable":true,"href":"https:\/\/www.jetliberty.com\/it\/wp-json\/wp\/v2\/users\/1"}],"replies":[{"embeddable":true,"href":"https:\/\/www.jetliberty.com\/it\/wp-json\/wp\/v2\/comments?post=10360"}],"version-history":[{"count":0,"href":"https:\/\/www.jetliberty.com\/it\/wp-json\/wp\/v2\/pages\/10360\/revisions"}],"wp:attachment":[{"href":"https:\/\/www.jetliberty.com\/it\/wp-json\/wp\/v2\/media?parent=10360"}],"curies":[{"name":"wp","href":"https:\/\/api.w.org\/{rel}","templated":true}]}}