{"id":5919,"date":"2024-03-21T10:43:52","date_gmt":"2024-03-21T09:43:52","guid":{"rendered":"https:\/\/www.jetliberty.com\/?page_id=5919"},"modified":"2026-04-09T00:49:46","modified_gmt":"2026-04-08T22:49:46","slug":"entretien-reparation","status":"publish","type":"page","link":"https:\/\/www.jetliberty.com\/it\/entretien-reparation","title":{"rendered":"Manutenzione \/ Riparazione"},"content":{"rendered":"<div data-elementor-type=\"wp-page\" data-elementor-id=\"5919\" class=\"elementor elementor-5919\" data-elementor-post-type=\"page\">\n\t\t\t\t\t\t<section class=\"elementor-section elementor-top-section elementor-element elementor-element-4bc2e098 elementor-section-content-middle elementor-section-boxed elementor-section-height-default elementor-section-height-default\" data-id=\"4bc2e098\" data-element_type=\"section\" data-e-type=\"section\">\n\t\t\t\t\t\t<div class=\"elementor-container elementor-column-gap-default\">\n\t\t\t\t\t<div class=\"elementor-column elementor-col-50 elementor-top-column elementor-element elementor-element-6075dd13\" data-id=\"6075dd13\" data-element_type=\"column\" data-e-type=\"column\">\n\t\t\t<div class=\"elementor-widget-wrap elementor-element-populated\">\n\t\t\t\t\t\t<div class=\"elementor-element elementor-element-5daddbe7 elementor-hidden-mobile elementor-widget elementor-widget-image\" data-id=\"5daddbe7\" data-element_type=\"widget\" data-e-type=\"widget\" data-widget_type=\"image.default\">\n\t\t\t\t\t\t<div class=\"elementor-widget-container\">\n\t\t\t\t\t\t\t\t\t\t\t\t\t\t\t<img fetchpriority=\"high\" decoding=\"async\" width=\"1024\" height=\"576\" src=\"https:\/\/www.jetliberty.com\/wp-content\/uploads\/2024\/03\/reparation-jet-ski-1024x576.jpg\" class=\"attachment-large size-large wp-image-5942\" alt=\"\" srcset=\"https:\/\/www.jetliberty.com\/wp-content\/uploads\/2024\/03\/reparation-jet-ski-1024x576.jpg 1024w, https:\/\/www.jetliberty.com\/wp-content\/uploads\/2024\/03\/reparation-jet-ski-300x169.jpg 300w, https:\/\/www.jetliberty.com\/wp-content\/uploads\/2024\/03\/reparation-jet-ski-768x432.jpg 768w, https:\/\/www.jetliberty.com\/wp-content\/uploads\/2024\/03\/reparation-jet-ski-1536x864.jpg 1536w, https:\/\/www.jetliberty.com\/wp-content\/uploads\/2024\/03\/reparation-jet-ski-18x10.jpg 18w, https:\/\/www.jetliberty.com\/wp-content\/uploads\/2024\/03\/reparation-jet-ski.jpg 1920w\" sizes=\"(max-width: 1024px) 100vw, 1024px\" \/>\t\t\t\t\t\t\t\t\t\t\t\t\t\t\t<\/div>\n\t\t\t\t<\/div>\n\t\t\t\t\t<\/div>\n\t\t<\/div>\n\t\t\t\t<div class=\"elementor-column elementor-col-50 elementor-top-column elementor-element elementor-element-239bfe49\" data-id=\"239bfe49\" data-element_type=\"column\" data-e-type=\"column\">\n\t\t\t<div class=\"elementor-widget-wrap elementor-element-populated\">\n\t\t\t\t\t\t<div class=\"elementor-element elementor-element-3990fcf elementor-widget elementor-widget-heading\" data-id=\"3990fcf\" data-element_type=\"widget\" data-e-type=\"widget\" data-widget_type=\"heading.default\">\n\t\t\t\t\t\t<div class=\"elementor-widget-container\">\n\t\t\t\t\t<h1 class=\"elementor-heading-title elementor-size-default\">Riparazione e manutenzione delle moto d'acqua<\/h1>\t\t\t\t<\/div>\n\t\t\t\t<\/div>\n\t\t\t\t<div class=\"elementor-element elementor-element-0f340d4 elementor-hidden-desktop elementor-hidden-tablet elementor-widget elementor-widget-image\" data-id=\"0f340d4\" data-element_type=\"widget\" data-e-type=\"widget\" data-widget_type=\"image.default\">\n\t\t\t\t\t\t<div class=\"elementor-widget-container\">\n\t\t\t\t\t\t\t\t\t\t\t\t\t\t\t<img fetchpriority=\"high\" decoding=\"async\" width=\"1024\" height=\"576\" src=\"https:\/\/www.jetliberty.com\/wp-content\/uploads\/2024\/03\/reparation-jet-ski-1024x576.jpg\" class=\"attachment-large size-large wp-image-5942\" alt=\"\" srcset=\"https:\/\/www.jetliberty.com\/wp-content\/uploads\/2024\/03\/reparation-jet-ski-1024x576.jpg 1024w, https:\/\/www.jetliberty.com\/wp-content\/uploads\/2024\/03\/reparation-jet-ski-300x169.jpg 300w, https:\/\/www.jetliberty.com\/wp-content\/uploads\/2024\/03\/reparation-jet-ski-768x432.jpg 768w, https:\/\/www.jetliberty.com\/wp-content\/uploads\/2024\/03\/reparation-jet-ski-1536x864.jpg 1536w, https:\/\/www.jetliberty.com\/wp-content\/uploads\/2024\/03\/reparation-jet-ski-18x10.jpg 18w, https:\/\/www.jetliberty.com\/wp-content\/uploads\/2024\/03\/reparation-jet-ski.jpg 1920w\" sizes=\"(max-width: 1024px) 100vw, 1024px\" \/>\t\t\t\t\t\t\t\t\t\t\t\t\t\t\t<\/div>\n\t\t\t\t<\/div>\n\t\t\t\t<div class=\"elementor-element elementor-element-9571281 elementor-widget elementor-widget-text-editor\" data-id=\"9571281\" data-element_type=\"widget\" data-e-type=\"widget\" data-widget_type=\"text-editor.default\">\n\t\t\t\t\t\t<div class=\"elementor-widget-container\">\n\t\t\t\t\t\t\t\t\t<h5><span style=\"color: #000000;\">Benvenuti a <strong>Jet Liberty<\/strong>il vostro esperto nella riparazione e manutenzione delle moto d'acqua. Appassionati di avventure acquatiche, garantiamo le prestazioni e la sicurezza della vostra moto d'acqua.<\/span><\/h5><h5><span style=\"color: #000000;\">Revisione, riparazione o manutenzione regolare, il nostro team qualificato \u00e8 pronto a soddisfare tutte le vostre esigenze per un'esperienza ottimale in acqua.<\/span><\/h5>\t\t\t\t\t\t\t\t<\/div>\n\t\t\t\t<\/div>\n\t\t\t\t\t<\/div>\n\t\t<\/div>\n\t\t\t\t\t<\/div>\n\t\t<\/section>\n\t\t\t\t<section class=\"elementor-section elementor-top-section elementor-element elementor-element-4024644 elementor-section-boxed elementor-section-height-default elementor-section-height-default\" data-id=\"4024644\" data-element_type=\"section\" data-e-type=\"section\">\n\t\t\t\t\t\t<div class=\"elementor-container elementor-column-gap-default\">\n\t\t\t\t\t<div class=\"elementor-column elementor-col-33 elementor-top-column elementor-element elementor-element-313ac17\" data-id=\"313ac17\" data-element_type=\"column\" data-e-type=\"column\" data-settings=\"{&quot;background_background&quot;:&quot;classic&quot;}\">\n\t\t\t<div class=\"elementor-widget-wrap elementor-element-populated\">\n\t\t\t\t\t\t<div class=\"elementor-element elementor-element-ec7abcf elementor-widget elementor-widget-heading\" data-id=\"ec7abcf\" data-element_type=\"widget\" data-e-type=\"widget\" data-widget_type=\"heading.default\">\n\t\t\t\t\t\t<div class=\"elementor-widget-container\">\n\t\t\t\t\t<h2 class=\"elementor-heading-title elementor-size-default\">Forza lavoro<\/h2>\t\t\t\t<\/div>\n\t\t\t\t<\/div>\n\t\t\t\t<div class=\"elementor-element elementor-element-0307bbb elementor-widget elementor-widget-heading\" data-id=\"0307bbb\" data-element_type=\"widget\" data-e-type=\"widget\" data-widget_type=\"heading.default\">\n\t\t\t\t\t\t<div class=\"elementor-widget-container\">\n\t\t\t\t\t<h2 class=\"elementor-heading-title elementor-size-xxl\">80\u20ac<\/h2>\t\t\t\t<\/div>\n\t\t\t\t<\/div>\n\t\t\t\t<div class=\"elementor-element elementor-element-de63946 elementor-widget elementor-widget-text-editor\" data-id=\"de63946\" data-element_type=\"widget\" data-e-type=\"widget\" data-widget_type=\"text-editor.default\">\n\t\t\t\t\t\t<div class=\"elementor-widget-container\">\n\t\t\t\t\t\t\t\t\t<p>\/ Tempo<\/p>\t\t\t\t\t\t\t\t<\/div>\n\t\t\t\t<\/div>\n\t\t\t\t<div class=\"elementor-element elementor-element-4bdc692 elementor-widget elementor-widget-heading\" data-id=\"4bdc692\" data-element_type=\"widget\" data-e-type=\"widget\" data-widget_type=\"heading.default\">\n\t\t\t\t\t\t<div class=\"elementor-widget-container\">\n\t\t\t\t\t<h2 class=\"elementor-heading-title elementor-size-default\">Intervento sulla macchina<\/h2>\t\t\t\t<\/div>\n\t\t\t\t<\/div>\n\t\t\t\t\t<\/div>\n\t\t<\/div>\n\t\t\t\t<div class=\"elementor-column elementor-col-33 elementor-top-column elementor-element elementor-element-1d4031d\" data-id=\"1d4031d\" data-element_type=\"column\" data-e-type=\"column\" data-settings=\"{&quot;background_background&quot;:&quot;classic&quot;}\">\n\t\t\t<div class=\"elementor-widget-wrap elementor-element-populated\">\n\t\t\t\t\t\t<div class=\"elementor-element elementor-element-650c8ee elementor-widget elementor-widget-heading\" data-id=\"650c8ee\" data-element_type=\"widget\" data-e-type=\"widget\" data-widget_type=\"heading.default\">\n\t\t\t\t\t\t<div class=\"elementor-widget-container\">\n\t\t\t\t\t<h2 class=\"elementor-heading-title elementor-size-default\">Connessione al computer<\/h2>\t\t\t\t<\/div>\n\t\t\t\t<\/div>\n\t\t\t\t<div class=\"elementor-element elementor-element-92e4ffd elementor-widget elementor-widget-heading\" data-id=\"92e4ffd\" data-element_type=\"widget\" data-e-type=\"widget\" data-widget_type=\"heading.default\">\n\t\t\t\t\t\t<div class=\"elementor-widget-container\">\n\t\t\t\t\t<h2 class=\"elementor-heading-title elementor-size-xxl\">99\u20ac<\/h2>\t\t\t\t<\/div>\n\t\t\t\t<\/div>\n\t\t\t\t<div class=\"elementor-element elementor-element-fdc1261 elementor-widget elementor-widget-text-editor\" data-id=\"fdc1261\" data-element_type=\"widget\" data-e-type=\"widget\" data-widget_type=\"text-editor.default\">\n\t\t\t\t\t\t<div class=\"elementor-widget-container\">\n\t\t\t\t\t\t\t\t\t<p>\/ Macchina<\/p>\t\t\t\t\t\t\t\t<\/div>\n\t\t\t\t<\/div>\n\t\t\t\t<div class=\"elementor-element elementor-element-bea341a elementor-widget elementor-widget-heading\" data-id=\"bea341a\" data-element_type=\"widget\" data-e-type=\"widget\" data-widget_type=\"heading.default\">\n\t\t\t\t\t\t<div class=\"elementor-widget-container\">\n\t\t\t\t\t<h2 class=\"elementor-heading-title elementor-size-default\">Riprogrammazione delle chiavi, codici di errore, ecc...<\/h2>\t\t\t\t<\/div>\n\t\t\t\t<\/div>\n\t\t\t\t\t<\/div>\n\t\t<\/div>\n\t\t\t\t<div class=\"elementor-column elementor-col-33 elementor-top-column elementor-element elementor-element-2f13f7d\" data-id=\"2f13f7d\" data-element_type=\"column\" data-e-type=\"column\" data-settings=\"{&quot;background_background&quot;:&quot;classic&quot;}\">\n\t\t\t<div class=\"elementor-widget-wrap elementor-element-populated\">\n\t\t\t\t\t\t<div class=\"elementor-element elementor-element-f9dfc45 elementor-widget elementor-widget-heading\" data-id=\"f9dfc45\" data-element_type=\"widget\" data-e-type=\"widget\" data-widget_type=\"heading.default\">\n\t\t\t\t\t\t<div class=\"elementor-widget-container\">\n\t\t\t\t\t<h2 class=\"elementor-heading-title elementor-size-default\">Svernamento\/svernamento<\/h2>\t\t\t\t<\/div>\n\t\t\t\t<\/div>\n\t\t\t\t<div class=\"elementor-element elementor-element-e85a3a7 elementor-widget elementor-widget-heading\" data-id=\"e85a3a7\" data-element_type=\"widget\" data-e-type=\"widget\" data-widget_type=\"heading.default\">\n\t\t\t\t\t\t<div class=\"elementor-widget-container\">\n\t\t\t\t\t<h2 class=\"elementor-heading-title elementor-size-xxl\">350\u20ac<\/h2>\t\t\t\t<\/div>\n\t\t\t\t<\/div>\n\t\t\t\t<div class=\"elementor-element elementor-element-81ef472 elementor-widget elementor-widget-text-editor\" data-id=\"81ef472\" data-element_type=\"widget\" data-e-type=\"widget\" data-widget_type=\"text-editor.default\">\n\t\t\t\t\t\t<div class=\"elementor-widget-container\">\n\t\t\t\t\t\t\t\t\t<p>\/ Macchina<\/p>\t\t\t\t\t\t\t\t<\/div>\n\t\t\t\t<\/div>\n\t\t\t\t<div class=\"elementor-element elementor-element-85319bd elementor-widget elementor-widget-heading\" data-id=\"85319bd\" data-element_type=\"widget\" data-e-type=\"widget\" data-widget_type=\"heading.default\">\n\t\t\t\t\t\t<div class=\"elementor-widget-container\">\n\t\t\t\t\t<h2 class=\"elementor-heading-title elementor-size-default\">proteggere la macchina per l'inverno<\/h2>\t\t\t\t<\/div>\n\t\t\t\t<\/div>\n\t\t\t\t\t<\/div>\n\t\t<\/div>\n\t\t\t\t\t<\/div>\n\t\t<\/section>\n\t\t\t\t<section class=\"elementor-section elementor-top-section elementor-element elementor-element-fc05666 elementor-section-boxed elementor-section-height-default elementor-section-height-default\" data-id=\"fc05666\" data-element_type=\"section\" data-e-type=\"section\">\n\t\t\t\t\t\t<div class=\"elementor-container elementor-column-gap-default\">\n\t\t\t\t\t<div class=\"elementor-column elementor-col-100 elementor-top-column elementor-element elementor-element-67e8e7f\" data-id=\"67e8e7f\" data-element_type=\"column\" data-e-type=\"column\">\n\t\t\t<div class=\"elementor-widget-wrap elementor-element-populated\">\n\t\t\t\t\t\t<div class=\"elementor-element elementor-element-d70f51d elementor-widget elementor-widget-text-editor\" data-id=\"d70f51d\" data-element_type=\"widget\" data-e-type=\"widget\" data-widget_type=\"text-editor.default\">\n\t\t\t\t\t\t<div class=\"elementor-widget-container\">\n\t\t\t\t\t\t\t\t\t<h5>Inoltre, il nostro servizio di assistenza per tutto l'anno assicura che non dobbiate aspettare la stagione estiva per godervi la vostra moto d'acqua. Che si tratti di preparare il vostro veicolo per l'inverno o di rimetterlo in forma per i mesi pi\u00f9 caldi, il nostro team \u00e8 a vostra disposizione, pronto a fornire un servizio rapido e affidabile, in qualsiasi periodo dell'anno.<\/h5><h5>Affidateci la vostra moto d'acqua e scoprite la tranquillit\u00e0 di sapere che \u00e8 nelle mani esperte di Jet Liberty. Perch\u00e9 per noi la vostra soddisfazione e la vostra sicurezza sono le nostre massime priorit\u00e0.<\/h5>\t\t\t\t\t\t\t\t<\/div>\n\t\t\t\t<\/div>\n\t\t\t\t\t<\/div>\n\t\t<\/div>\n\t\t\t\t\t<\/div>\n\t\t<\/section>\n\t\t\t\t<\/div>","protected":false},"excerpt":{"rendered":"<p>Riparazione e manutenzione delle moto d'acqua Benvenuti a Jet Liberty, il vostro esperto nella riparazione e manutenzione delle moto d'acqua. Appassionati di avventure acquatiche, garantiamo le prestazioni e la sicurezza della vostra moto d'acqua. Che abbiate bisogno di assistenza, riparazioni o manutenzione regolare, i nostri [...]<\/p>","protected":false},"author":1,"featured_media":0,"parent":0,"menu_order":0,"comment_status":"closed","ping_status":"closed","template":"elementor_header_footer","meta":{"footnotes":""},"class_list":["post-5919","page","type-page","status-publish","hentry"],"aioseo_notices":[],"_links":{"self":[{"href":"https:\/\/www.jetliberty.com\/it\/wp-json\/wp\/v2\/pages\/5919","targetHints":{"allow":["GET"]}}],"collection":[{"href":"https:\/\/www.jetliberty.com\/it\/wp-json\/wp\/v2\/pages"}],"about":[{"href":"https:\/\/www.jetliberty.com\/it\/wp-json\/wp\/v2\/types\/page"}],"author":[{"embeddable":true,"href":"https:\/\/www.jetliberty.com\/it\/wp-json\/wp\/v2\/users\/1"}],"replies":[{"embeddable":true,"href":"https:\/\/www.jetliberty.com\/it\/wp-json\/wp\/v2\/comments?post=5919"}],"version-history":[{"count":0,"href":"https:\/\/www.jetliberty.com\/it\/wp-json\/wp\/v2\/pages\/5919\/revisions"}],"wp:attachment":[{"href":"https:\/\/www.jetliberty.com\/it\/wp-json\/wp\/v2\/media?parent=5919"}],"curies":[{"name":"wp","href":"https:\/\/api.w.org\/{rel}","templated":true}]}}