{"id":6145,"date":"2024-04-15T16:50:17","date_gmt":"2024-04-15T15:50:17","guid":{"rendered":"https:\/\/www.jetliberty.com\/?page_id=6145"},"modified":"2026-04-09T00:50:45","modified_gmt":"2026-04-08T22:50:45","slug":"gardiennage","status":"publish","type":"page","link":"https:\/\/www.jetliberty.com\/it\/gardiennage","title":{"rendered":"Sicurezza"},"content":{"rendered":"<div data-elementor-type=\"wp-page\" data-elementor-id=\"6145\" class=\"elementor elementor-6145\" data-elementor-post-type=\"page\">\n\t\t\t\t\t\t<section class=\"elementor-section elementor-top-section elementor-element elementor-element-7f21686 elementor-section-content-middle elementor-section-boxed elementor-section-height-default elementor-section-height-default\" data-id=\"7f21686\" data-element_type=\"section\" data-e-type=\"section\">\n\t\t\t\t\t\t<div class=\"elementor-container elementor-column-gap-default\">\n\t\t\t\t\t<div class=\"elementor-column elementor-col-50 elementor-top-column elementor-element elementor-element-2585b275\" data-id=\"2585b275\" data-element_type=\"column\" data-e-type=\"column\">\n\t\t\t<div class=\"elementor-widget-wrap elementor-element-populated\">\n\t\t\t\t\t\t<div class=\"elementor-element elementor-element-35e552ff elementor-hidden-mobile elementor-widget elementor-widget-image\" data-id=\"35e552ff\" data-element_type=\"widget\" data-e-type=\"widget\" data-widget_type=\"image.default\">\n\t\t\t\t\t\t<div class=\"elementor-widget-container\">\n\t\t\t\t\t\t\t\t\t\t\t\t\t\t\t<img fetchpriority=\"high\" decoding=\"async\" width=\"1024\" height=\"573\" src=\"https:\/\/www.jetliberty.com\/wp-content\/uploads\/2024\/04\/gardienage-1024x573.jpg\" class=\"attachment-large size-large wp-image-6146\" alt=\"\" srcset=\"https:\/\/www.jetliberty.com\/wp-content\/uploads\/2024\/04\/gardienage-1024x573.jpg 1024w, https:\/\/www.jetliberty.com\/wp-content\/uploads\/2024\/04\/gardienage-300x168.jpg 300w, https:\/\/www.jetliberty.com\/wp-content\/uploads\/2024\/04\/gardienage-768x430.jpg 768w, https:\/\/www.jetliberty.com\/wp-content\/uploads\/2024\/04\/gardienage-18x10.jpg 18w, https:\/\/www.jetliberty.com\/wp-content\/uploads\/2024\/04\/gardienage.jpg 1266w\" sizes=\"(max-width: 1024px) 100vw, 1024px\" \/>\t\t\t\t\t\t\t\t\t\t\t\t\t\t\t<\/div>\n\t\t\t\t<\/div>\n\t\t\t\t\t<\/div>\n\t\t<\/div>\n\t\t\t\t<div class=\"elementor-column elementor-col-50 elementor-top-column elementor-element elementor-element-3156ca36\" data-id=\"3156ca36\" data-element_type=\"column\" data-e-type=\"column\">\n\t\t\t<div class=\"elementor-widget-wrap elementor-element-populated\">\n\t\t\t\t\t\t<div class=\"elementor-element elementor-element-c171857 elementor-widget elementor-widget-heading\" data-id=\"c171857\" data-element_type=\"widget\" data-e-type=\"widget\" data-widget_type=\"heading.default\">\n\t\t\t\t\t\t<div class=\"elementor-widget-container\">\n\t\t\t\t\t<h1 class=\"elementor-heading-title elementor-size-default\">Riparazione e manutenzione delle moto d'acqua<\/h1>\t\t\t\t<\/div>\n\t\t\t\t<\/div>\n\t\t\t\t<div class=\"elementor-element elementor-element-3640e44 elementor-hidden-desktop elementor-hidden-tablet elementor-widget elementor-widget-image\" data-id=\"3640e44\" data-element_type=\"widget\" data-e-type=\"widget\" data-widget_type=\"image.default\">\n\t\t\t\t\t\t<div class=\"elementor-widget-container\">\n\t\t\t\t\t\t\t\t\t\t\t\t\t\t\t<img fetchpriority=\"high\" decoding=\"async\" width=\"1024\" height=\"573\" src=\"https:\/\/www.jetliberty.com\/wp-content\/uploads\/2024\/04\/gardienage-1024x573.jpg\" class=\"attachment-large size-large wp-image-6146\" alt=\"\" srcset=\"https:\/\/www.jetliberty.com\/wp-content\/uploads\/2024\/04\/gardienage-1024x573.jpg 1024w, https:\/\/www.jetliberty.com\/wp-content\/uploads\/2024\/04\/gardienage-300x168.jpg 300w, https:\/\/www.jetliberty.com\/wp-content\/uploads\/2024\/04\/gardienage-768x430.jpg 768w, https:\/\/www.jetliberty.com\/wp-content\/uploads\/2024\/04\/gardienage-18x10.jpg 18w, https:\/\/www.jetliberty.com\/wp-content\/uploads\/2024\/04\/gardienage.jpg 1266w\" sizes=\"(max-width: 1024px) 100vw, 1024px\" \/>\t\t\t\t\t\t\t\t\t\t\t\t\t\t\t<\/div>\n\t\t\t\t<\/div>\n\t\t\t\t<div class=\"elementor-element elementor-element-ed60b9f elementor-widget elementor-widget-text-editor\" data-id=\"ed60b9f\" data-element_type=\"widget\" data-e-type=\"widget\" data-widget_type=\"text-editor.default\">\n\t\t\t\t\t\t<div class=\"elementor-widget-container\">\n\t\t\t\t\t\t\t\t\t<h5><span style=\"color: #000000;\">Non si accettano parcheggi per periodi inferiori a <strong>5 giorni<\/strong>.<\/span><\/h5><h5><span style=\"color: #000000;\">La nostra soluzione di protezione vi garantisce <strong>comfort ottimale<\/strong> evitando il fastidio di lanci poco frequenti e difficili. Potrete godervi la vostra moto d'acqua a piacimento presso la nostra base, nel rispetto di una carta di buona condotta.<\/span><\/h5><h5><span style=\"color: #000000;\">Da maggio a settembre, il nostro parcheggio per le moto d'acqua (PWC) \u00e8 custodito. <strong>24 ore su 24, 7 giorni su 7<\/strong> da una guardia di sicurezza e dotato di un sistema di allarme. Quando consegnate il vostro VNM presso di noi, beneficiate di <strong>lancio<\/strong> nonch\u00e9 l'accesso a una doccia, all'acqua corrente e a un tubo di risciacquo.<\/span><\/h5>\t\t\t\t\t\t\t\t<\/div>\n\t\t\t\t<\/div>\n\t\t\t\t\t<\/div>\n\t\t<\/div>\n\t\t\t\t\t<\/div>\n\t\t<\/section>\n\t\t\t\t<section class=\"elementor-section elementor-top-section elementor-element elementor-element-10b0739 elementor-section-boxed elementor-section-height-default elementor-section-height-default\" data-id=\"10b0739\" data-element_type=\"section\" data-e-type=\"section\">\n\t\t\t\t\t\t<div class=\"elementor-container elementor-column-gap-default\">\n\t\t\t\t\t<div class=\"elementor-column elementor-col-33 elementor-top-column elementor-element elementor-element-e0587d0\" data-id=\"e0587d0\" data-element_type=\"column\" data-e-type=\"column\" data-settings=\"{&quot;background_background&quot;:&quot;classic&quot;}\">\n\t\t\t<div class=\"elementor-widget-wrap elementor-element-populated\">\n\t\t\t\t\t\t<div class=\"elementor-element elementor-element-0aa7a33 elementor-widget elementor-widget-heading\" data-id=\"0aa7a33\" data-element_type=\"widget\" data-e-type=\"widget\" data-widget_type=\"heading.default\">\n\t\t\t\t\t\t<div class=\"elementor-widget-container\">\n\t\t\t\t\t<h2 class=\"elementor-heading-title elementor-size-default\">Maggio, giugno e settembre<\/h2>\t\t\t\t<\/div>\n\t\t\t\t<\/div>\n\t\t\t\t<div class=\"elementor-element elementor-element-2f86a58 elementor-widget elementor-widget-heading\" data-id=\"2f86a58\" data-element_type=\"widget\" data-e-type=\"widget\" data-widget_type=\"heading.default\">\n\t\t\t\t\t\t<div class=\"elementor-widget-container\">\n\t\t\t\t\t<h2 class=\"elementor-heading-title elementor-size-xxl\">35\u20ac<\/h2>\t\t\t\t<\/div>\n\t\t\t\t<\/div>\n\t\t\t\t<div class=\"elementor-element elementor-element-ab44011 elementor-widget elementor-widget-text-editor\" data-id=\"ab44011\" data-element_type=\"widget\" data-e-type=\"widget\" data-widget_type=\"text-editor.default\">\n\t\t\t\t\t\t<div class=\"elementor-widget-container\">\n\t\t\t\t\t\t\t\t\t<p>\/ Giorno<\/p>\t\t\t\t\t\t\t\t<\/div>\n\t\t\t\t<\/div>\n\t\t\t\t<div class=\"elementor-element elementor-element-b2ec0a6 elementor-widget elementor-widget-heading\" data-id=\"b2ec0a6\" data-element_type=\"widget\" data-e-type=\"widget\" data-widget_type=\"heading.default\">\n\t\t\t\t\t\t<div class=\"elementor-widget-container\">\n\t\t\t\t\t<h2 class=\"elementor-heading-title elementor-size-default\">Avvio della macchina e pulizia<\/h2>\t\t\t\t<\/div>\n\t\t\t\t<\/div>\n\t\t\t\t\t<\/div>\n\t\t<\/div>\n\t\t\t\t<div class=\"elementor-column elementor-col-33 elementor-top-column elementor-element elementor-element-37295c4\" data-id=\"37295c4\" data-element_type=\"column\" data-e-type=\"column\" data-settings=\"{&quot;background_background&quot;:&quot;classic&quot;}\">\n\t\t\t<div class=\"elementor-widget-wrap elementor-element-populated\">\n\t\t\t\t\t\t<div class=\"elementor-element elementor-element-8dc9d82 elementor-widget elementor-widget-heading\" data-id=\"8dc9d82\" data-element_type=\"widget\" data-e-type=\"widget\" data-widget_type=\"heading.default\">\n\t\t\t\t\t\t<div class=\"elementor-widget-container\">\n\t\t\t\t\t<h2 class=\"elementor-heading-title elementor-size-default\">Luglio e agosto<\/h2>\t\t\t\t<\/div>\n\t\t\t\t<\/div>\n\t\t\t\t<div class=\"elementor-element elementor-element-d88daec elementor-widget elementor-widget-heading\" data-id=\"d88daec\" data-element_type=\"widget\" data-e-type=\"widget\" data-widget_type=\"heading.default\">\n\t\t\t\t\t\t<div class=\"elementor-widget-container\">\n\t\t\t\t\t<h2 class=\"elementor-heading-title elementor-size-xxl\">40\u20ac<\/h2>\t\t\t\t<\/div>\n\t\t\t\t<\/div>\n\t\t\t\t<div class=\"elementor-element elementor-element-812333a elementor-widget elementor-widget-text-editor\" data-id=\"812333a\" data-element_type=\"widget\" data-e-type=\"widget\" data-widget_type=\"text-editor.default\">\n\t\t\t\t\t\t<div class=\"elementor-widget-container\">\n\t\t\t\t\t\t\t\t\t<p>\/ Giorno<\/p>\t\t\t\t\t\t\t\t<\/div>\n\t\t\t\t<\/div>\n\t\t\t\t<div class=\"elementor-element elementor-element-dc0ce90 elementor-widget elementor-widget-heading\" data-id=\"dc0ce90\" data-element_type=\"widget\" data-e-type=\"widget\" data-widget_type=\"heading.default\">\n\t\t\t\t\t\t<div class=\"elementor-widget-container\">\n\t\t\t\t\t<h2 class=\"elementor-heading-title elementor-size-default\">Avvio della macchina e pulizia<\/h2>\t\t\t\t<\/div>\n\t\t\t\t<\/div>\n\t\t\t\t\t<\/div>\n\t\t<\/div>\n\t\t\t\t<div class=\"elementor-column elementor-col-33 elementor-top-column elementor-element elementor-element-2cecb1e\" data-id=\"2cecb1e\" data-element_type=\"column\" data-e-type=\"column\" data-settings=\"{&quot;background_background&quot;:&quot;classic&quot;}\">\n\t\t\t<div class=\"elementor-widget-wrap elementor-element-populated\">\n\t\t\t\t\t\t<div class=\"elementor-element elementor-element-294b100 elementor-widget elementor-widget-heading\" data-id=\"294b100\" data-element_type=\"widget\" data-e-type=\"widget\" data-widget_type=\"heading.default\">\n\t\t\t\t\t\t<div class=\"elementor-widget-container\">\n\t\t\t\t\t<h2 class=\"elementor-heading-title elementor-size-default\">Sicurezza annuale<\/h2>\t\t\t\t<\/div>\n\t\t\t\t<\/div>\n\t\t\t\t<div class=\"elementor-element elementor-element-432ccc8 elementor-widget elementor-widget-heading\" data-id=\"432ccc8\" data-element_type=\"widget\" data-e-type=\"widget\" data-widget_type=\"heading.default\">\n\t\t\t\t\t\t<div class=\"elementor-widget-container\">\n\t\t\t\t\t<h2 class=\"elementor-heading-title elementor-size-xxl\">1800\u20ac<\/h2>\t\t\t\t<\/div>\n\t\t\t\t<\/div>\n\t\t\t\t<div class=\"elementor-element elementor-element-951e9ff elementor-widget elementor-widget-text-editor\" data-id=\"951e9ff\" data-element_type=\"widget\" data-e-type=\"widget\" data-widget_type=\"text-editor.default\">\n\t\t\t\t\t\t<div class=\"elementor-widget-container\">\n\t\t\t\t\t\t\t\t\t<p>\/ Anno<\/p>\t\t\t\t\t\t\t\t<\/div>\n\t\t\t\t<\/div>\n\t\t\t\t<div class=\"elementor-element elementor-element-0891a1b elementor-widget elementor-widget-heading\" data-id=\"0891a1b\" data-element_type=\"widget\" data-e-type=\"widget\" data-widget_type=\"heading.default\">\n\t\t\t\t\t\t<div class=\"elementor-widget-container\">\n\t\t\t\t\t<h2 class=\"elementor-heading-title elementor-size-default\">Pulizia, smacchiatura, ricarica della batteria, primo lancio e uscita inclusi.<\/h2>\t\t\t\t<\/div>\n\t\t\t\t<\/div>\n\t\t\t\t\t<\/div>\n\t\t<\/div>\n\t\t\t\t\t<\/div>\n\t\t<\/section>\n\t\t\t\t<section class=\"elementor-section elementor-top-section elementor-element elementor-element-8ffe5e2 elementor-section-boxed elementor-section-height-default elementor-section-height-default\" data-id=\"8ffe5e2\" data-element_type=\"section\" data-e-type=\"section\">\n\t\t\t\t\t\t<div class=\"elementor-container elementor-column-gap-default\">\n\t\t\t\t\t<div class=\"elementor-column elementor-col-100 elementor-top-column elementor-element elementor-element-ce153b0\" data-id=\"ce153b0\" data-element_type=\"column\" data-e-type=\"column\">\n\t\t\t<div class=\"elementor-widget-wrap elementor-element-populated\">\n\t\t\t\t\t\t<div class=\"elementor-element elementor-element-c149770 elementor-widget elementor-widget-text-editor\" data-id=\"c149770\" data-element_type=\"widget\" data-e-type=\"widget\" data-widget_type=\"text-editor.default\">\n\t\t\t\t\t\t<div class=\"elementor-widget-container\">\n\t\t\t\t\t\t\t\t\t<div><h5>Affidateci la vostra moto d'acqua e scoprite la tranquillit\u00e0 di sapere che \u00e8 nelle mani esperte di Jet Liberty. Perch\u00e9 per noi la vostra soddisfazione e la vostra sicurezza sono le nostre massime priorit\u00e0.<\/h5><\/div>\t\t\t\t\t\t\t\t<\/div>\n\t\t\t\t<\/div>\n\t\t\t\t\t<\/div>\n\t\t<\/div>\n\t\t\t\t\t<\/div>\n\t\t<\/section>\n\t\t\t\t<\/div>","protected":false},"excerpt":{"rendered":"<p>Riparazioni e manutenzione della vostra moto d'acqua Non accettiamo parcheggi per periodi inferiori a 5 giorni. La nostra soluzione di rimessaggio vi garantisce un comfort ottimale, evitandovi il fastidio di lanci poco frequenti e difficili. [...]<\/p>","protected":false},"author":1,"featured_media":0,"parent":0,"menu_order":0,"comment_status":"closed","ping_status":"closed","template":"elementor_header_footer","meta":{"footnotes":""},"class_list":["post-6145","page","type-page","status-publish","hentry"],"aioseo_notices":[],"_links":{"self":[{"href":"https:\/\/www.jetliberty.com\/it\/wp-json\/wp\/v2\/pages\/6145","targetHints":{"allow":["GET"]}}],"collection":[{"href":"https:\/\/www.jetliberty.com\/it\/wp-json\/wp\/v2\/pages"}],"about":[{"href":"https:\/\/www.jetliberty.com\/it\/wp-json\/wp\/v2\/types\/page"}],"author":[{"embeddable":true,"href":"https:\/\/www.jetliberty.com\/it\/wp-json\/wp\/v2\/users\/1"}],"replies":[{"embeddable":true,"href":"https:\/\/www.jetliberty.com\/it\/wp-json\/wp\/v2\/comments?post=6145"}],"version-history":[{"count":0,"href":"https:\/\/www.jetliberty.com\/it\/wp-json\/wp\/v2\/pages\/6145\/revisions"}],"wp:attachment":[{"href":"https:\/\/www.jetliberty.com\/it\/wp-json\/wp\/v2\/media?parent=6145"}],"curies":[{"name":"wp","href":"https:\/\/api.w.org\/{rel}","templated":true}]}}